{"id":1179,"date":"2020-02-23T09:23:03","date_gmt":"2020-02-23T09:23:03","guid":{"rendered":"http:\/\/espailauma.org\/sobre-nosotros"},"modified":"2026-01-24T13:40:29","modified_gmt":"2026-01-24T13:40:29","slug":"sobre-nosotros","status":"publish","type":"page","link":"https:\/\/espailauma.org\/ca\/sobre-nosotros","title":{"rendered":"Sobre nosaltres"},"content":{"rendered":"\t\t<div data-elementor-type=\"wp-page\" data-elementor-id=\"1179\" class=\"elementor elementor-1179 elementor-43\" data-elementor-post-type=\"page\">\n\t\t\t\t\t\t<section class=\"elementor-section elementor-top-section elementor-element elementor-element-1df7e1d elementor-section-boxed elementor-section-height-default elementor-section-height-default\" data-id=\"1df7e1d\" data-element_type=\"section\" data-e-type=\"section\">\n\t\t\t\t\t\t<div class=\"elementor-container elementor-column-gap-wider\">\n\t\t\t\t\t<div class=\"elementor-column elementor-col-50 elementor-top-column elementor-element elementor-element-c2abeaf\" data-id=\"c2abeaf\" data-element_type=\"column\" data-e-type=\"column\">\n\t\t\t<div class=\"elementor-widget-wrap elementor-element-populated\">\n\t\t\t\t\t\t<div class=\"elementor-element elementor-element-d967e01 elementor-widget elementor-widget-image\" data-id=\"d967e01\" data-element_type=\"widget\" data-e-type=\"widget\" data-widget_type=\"image.default\">\n\t\t\t\t<div class=\"elementor-widget-container\">\n\t\t\t\t\t\t\t\t\t\t\t\t\t\t\t<img fetchpriority=\"high\" decoding=\"async\" width=\"353\" height=\"353\" src=\"https:\/\/espailauma.org\/wp-content\/uploads\/2024\/08\/quienes_somos-1.jpg\" class=\"attachment-large size-large wp-image-7276\" alt=\"\" srcset=\"https:\/\/espailauma.org\/wp-content\/uploads\/2024\/08\/quienes_somos-1.jpg 353w, https:\/\/espailauma.org\/wp-content\/uploads\/2024\/08\/quienes_somos-1-300x300.jpg 300w, https:\/\/espailauma.org\/wp-content\/uploads\/2024\/08\/quienes_somos-1-150x150.jpg 150w, https:\/\/espailauma.org\/wp-content\/uploads\/2024\/08\/quienes_somos-1-100x100.jpg 100w\" sizes=\"(max-width: 353px) 100vw, 353px\" \/>\t\t\t\t\t\t\t\t\t\t\t\t\t\t\t<\/div>\n\t\t\t\t<\/div>\n\t\t\t\t\t<\/div>\n\t\t<\/div>\n\t\t\t\t<div class=\"elementor-column elementor-col-50 elementor-top-column elementor-element elementor-element-ba9adcf\" data-id=\"ba9adcf\" data-element_type=\"column\" data-e-type=\"column\">\n\t\t\t<div class=\"elementor-widget-wrap elementor-element-populated\">\n\t\t\t\t\t\t<div class=\"elementor-element elementor-element-807cca6 elementor-widget elementor-widget-text-editor\" data-id=\"807cca6\" data-element_type=\"widget\" data-e-type=\"widget\" data-widget_type=\"text-editor.default\">\n\t\t\t\t<div class=\"elementor-widget-container\">\n\t\t\t\t\t\t\t\t\t<p class=\"has-text-align-center has-medium-font-size\">LA\u00dcMA<\/p>\n<p><\/p>\n<p class=\"has-text-align-center has-medium-font-size\">La\u00fcma va obrir les seves portes l\u2019any 2012.<\/p>\n<p><\/p>\n<p class=\"has-text-align-center has-medium-font-size\">\u00c9s un taller creatiu\u00a0especializatzat en cer\u00e0mica i\u00a0dirigit per la ceramista\u00a0<a href=\"http:\/\/laumaceramics.com\/\">Laura Mart\u00edn<\/a><\/p>\n<p>Amb els nostres cursos volem fomentar l\u2019intercanvi, l\u2019experimentaci\u00f3, l\u2019aprenenetatge aut\u00f2nom i la llibertat creativa.<\/p>\n<p>Treballem amb grups redu\u00efts per poder donar una atenci\u00f3 m\u00e9s personalitzada.<\/p>\n<p>El nostre objectiu principal: apropar la creativitat a la cotidianitat.<\/p>\n\t\t\t\t\t\t\t\t<\/div>\n\t\t\t\t<\/div>\n\t\t\t\t\t<\/div>\n\t\t<\/div>\n\t\t\t\t\t<\/div>\n\t\t<\/section>\n\t\t\t\t<section class=\"elementor-section elementor-top-section elementor-element elementor-element-24d72f6 elementor-section-boxed elementor-section-height-default elementor-section-height-default\" data-id=\"24d72f6\" data-element_type=\"section\" data-e-type=\"section\">\n\t\t\t\t\t\t<div class=\"elementor-container elementor-column-gap-wider\">\n\t\t\t\t\t<div class=\"elementor-column elementor-col-50 elementor-top-column elementor-element elementor-element-8e50179\" data-id=\"8e50179\" data-element_type=\"column\" data-e-type=\"column\">\n\t\t\t<div class=\"elementor-widget-wrap elementor-element-populated\">\n\t\t\t\t\t\t<div class=\"elementor-element elementor-element-8551589 elementor-widget elementor-widget-text-editor\" data-id=\"8551589\" data-element_type=\"widget\" data-e-type=\"widget\" data-widget_type=\"text-editor.default\">\n\t\t\t\t<div class=\"elementor-widget-container\">\n\t\t\t\t\t\t\t\t\t<p>LAURA MART\u00cdN<\/p>\n<p>La Laura \u00e9s la fundadora, docent i gestora de l&#8217;espai. La\u00fcma \u00e9s tamb\u00e9 el lloc on desenvolupa el seu treball personal com a ceramista.<\/p>\n<p>En la seva obra trobem projectes de cer\u00e0mica escult\u00f2rica, col.leccions de cer\u00e0mica utilit\u00e0ria i decorativa o vaixella creativa per a restauraci\u00f3.<\/p>\n<p>Llicenciada en Belles Arts a la UB i especialitzada en escultura, l&#8217;any 2009 coneix a la ceramista Cecilia Moriamez. Es troba vivint a Xile, estudiant a la Facultat d&#8217;Art de la Universitat de Xile, a Santiago i aquell viatje suposa un abans i un despr\u00e9s a la seva traject\u00f2ria.<\/p>\n<p>Des de llavors, la Laura no ha deixat de formar-se mitjan\u00e7ant cursos monogr\u00e0fics a l&#8217;Escola de cer\u00e0mica de La Bisbal i a tallers d&#8217;altres ceramistes.<\/p>\n<p>L&#8217;any 2025 es gradua en el Postgrau d&#8217;Arts Aplicades Contempor\u00e0nies de l&#8217;escola Massana, en l&#8217;especialitat d&#8217;arts del foc.<\/p>\n<p>Ha participat a diverses fires nacionals i internacionals de cer\u00e0mica com ara Keramik Panorama, Ob&#8217;art Bordeaux, Terr\u00e0nia, N.A.C.E, Terracota Biennal, Biennal de cer\u00e0mica del Vendrell entre altres<\/p>\n\t\t\t\t\t\t\t\t<\/div>\n\t\t\t\t<\/div>\n\t\t\t\t<div class=\"elementor-element elementor-element-5c9537c elementor-align-center elementor-widget elementor-widget-button\" data-id=\"5c9537c\" data-element_type=\"widget\" data-e-type=\"widget\" data-widget_type=\"button.default\">\n\t\t\t\t<div class=\"elementor-widget-container\">\n\t\t\t\t\t\t\t\t\t<div class=\"elementor-button-wrapper\">\n\t\t\t\t\t<a class=\"elementor-button elementor-button-link elementor-size-sm\" href=\"https:\/\/laumaceramics.com\/\" target=\"_blank\">\n\t\t\t\t\t\t<span class=\"elementor-button-content-wrapper\">\n\t\t\t\t\t\t\t\t\t<span class=\"elementor-button-text\">VEURE WEB<\/span>\n\t\t\t\t\t<\/span>\n\t\t\t\t\t<\/a>\n\t\t\t\t<\/div>\n\t\t\t\t\t\t\t\t<\/div>\n\t\t\t\t<\/div>\n\t\t\t\t\t<\/div>\n\t\t<\/div>\n\t\t\t\t<div class=\"elementor-column elementor-col-50 elementor-top-column elementor-element elementor-element-41abd77\" data-id=\"41abd77\" data-element_type=\"column\" data-e-type=\"column\">\n\t\t\t<div class=\"elementor-widget-wrap elementor-element-populated\">\n\t\t\t\t\t\t<div class=\"elementor-element elementor-element-59b8e97 elementor-widget elementor-widget-image-carousel\" data-id=\"59b8e97\" data-element_type=\"widget\" data-e-type=\"widget\" data-settings=\"{&quot;slides_to_show&quot;:&quot;1&quot;,&quot;navigation&quot;:&quot;none&quot;,&quot;autoplay_speed&quot;:2500,&quot;effect&quot;:&quot;fade&quot;,&quot;autoplay&quot;:&quot;yes&quot;,&quot;pause_on_hover&quot;:&quot;yes&quot;,&quot;pause_on_interaction&quot;:&quot;yes&quot;,&quot;infinite&quot;:&quot;yes&quot;,&quot;speed&quot;:500}\" data-widget_type=\"image-carousel.default\">\n\t\t\t\t<div class=\"elementor-widget-container\">\n\t\t\t\t\t\t\t<div class=\"elementor-image-carousel-wrapper swiper\" role=\"region\" aria-roledescription=\"carousel\" aria-label=\"Carrusel d&#039;imatges\" dir=\"ltr\">\n\t\t\t<div class=\"elementor-image-carousel swiper-wrapper\" aria-live=\"off\">\n\t\t\t\t\t\t\t\t<div class=\"swiper-slide\" role=\"group\" aria-roledescription=\"slide\" aria-label=\"1 de 6\"><figure class=\"swiper-slide-inner\"><img decoding=\"async\" class=\"swiper-slide-image\" src=\"https:\/\/espailauma.org\/wp-content\/uploads\/elementor\/thumbs\/botijos3__8-scaled-qs6cbw0qbeaaokibr8amjo1maxwpox51yshayapn0o.jpg\" alt=\"botijos3__8\" \/><\/figure><\/div><div class=\"swiper-slide\" role=\"group\" aria-roledescription=\"slide\" aria-label=\"2 de 6\"><figure class=\"swiper-slide-inner\"><img decoding=\"async\" class=\"swiper-slide-image\" src=\"https:\/\/espailauma.org\/wp-content\/uploads\/elementor\/thumbs\/botijos3__7-scaled-qs6cbiuznpsa611fw2lukrd5zjpkp5ot8zci8f95fs.jpg\" alt=\"botijos3__7\" \/><\/figure><\/div><div class=\"swiper-slide\" role=\"group\" aria-roledescription=\"slide\" aria-label=\"3 de 6\"><figure class=\"swiper-slide-inner\"><img decoding=\"async\" class=\"swiper-slide-image\" src=\"https:\/\/espailauma.org\/wp-content\/uploads\/elementor\/thumbs\/botijos2__1-scaled-qs6cchn0ol3w3lmx8zn1n0l7ysy5lyivprhgzntl1k.jpg\" alt=\"botijos2__1\" \/><\/figure><\/div><div class=\"swiper-slide\" role=\"group\" aria-roledescription=\"slide\" aria-label=\"4 de 6\"><figure class=\"swiper-slide-inner\"><img decoding=\"async\" class=\"swiper-slide-image\" src=\"https:\/\/espailauma.org\/wp-content\/uploads\/elementor\/thumbs\/BOTIJOS_31-scaled-qs6ca6x7z5ynpwz2nzvvjlgnow9uslei2e2qrb8894.jpg\" alt=\"BOTIJOS_31\" \/><\/figure><\/div><div class=\"swiper-slide\" role=\"group\" aria-roledescription=\"slide\" aria-label=\"5 de 6\"><figure class=\"swiper-slide-inner\"><img decoding=\"async\" class=\"swiper-slide-image\" src=\"https:\/\/espailauma.org\/wp-content\/uploads\/elementor\/thumbs\/BOTIJOS_13-scaled-qs6calyn0ij8vod886dwnho1727q7r27ggiifqlxhk.jpg\" alt=\"BOTIJOS_13\" \/><\/figure><\/div><div class=\"swiper-slide\" role=\"group\" aria-roledescription=\"slide\" aria-label=\"6 de 6\"><figure class=\"swiper-slide-inner\"><img decoding=\"async\" class=\"swiper-slide-image\" src=\"https:\/\/espailauma.org\/wp-content\/uploads\/elementor\/thumbs\/botijos2__6-scaled-qs6cay6jhczz2lvh8to21wl0x2jhztepu4ztoc3t8o.jpg\" alt=\"botijos2__6\" \/><\/figure><\/div>\t\t\t<\/div>\n\t\t\t\t\t\t\t\n\t\t\t\t\t\t\t\t\t<\/div>\n\t\t\t\t\t\t<\/div>\n\t\t\t\t<\/div>\n\t\t\t\t<div class=\"elementor-element elementor-element-fc12e05 elementor-widget elementor-widget-text-editor\" data-id=\"fc12e05\" data-element_type=\"widget\" data-e-type=\"widget\" data-widget_type=\"text-editor.default\">\n\t\t\t\t<div class=\"elementor-widget-container\">\n\t\t\t\t\t\t\t\t\t<p>Fotografies de LuKas Romero<\/p>\n\t\t\t\t\t\t\t\t<\/div>\n\t\t\t\t<\/div>\n\t\t\t\t\t<\/div>\n\t\t<\/div>\n\t\t\t\t\t<\/div>\n\t\t<\/section>\n\t\t\t\t<\/div>\n\t\t","protected":false},"excerpt":{"rendered":"<p>LA\u00dcMA La\u00fcma va obrir les seves portes l\u2019any 2012. \u00c9s un taller creatiu\u00a0especializatzat en cer\u00e0mica i\u00a0dirigit per la ceramista\u00a0Laura Mart\u00edn Amb els nostres cursos volem fomentar l\u2019intercanvi, l\u2019experimentaci\u00f3, l\u2019aprenenetatge aut\u00f2nom i la llibertat creativa. Treballem amb grups redu\u00efts per poder donar una atenci\u00f3 m\u00e9s personalitzada. El nostre objectiu principal: apropar la creativitat a la cotidianitat. [&hellip;]<\/p>\n","protected":false},"author":1,"featured_media":0,"parent":0,"menu_order":0,"comment_status":"closed","ping_status":"closed","template":"","meta":{"footnotes":""},"class_list":["post-1179","page","type-page","status-publish","hentry"],"_links":{"self":[{"href":"https:\/\/espailauma.org\/ca\/wp-json\/wp\/v2\/pages\/1179","targetHints":{"allow":["GET"]}}],"collection":[{"href":"https:\/\/espailauma.org\/ca\/wp-json\/wp\/v2\/pages"}],"about":[{"href":"https:\/\/espailauma.org\/ca\/wp-json\/wp\/v2\/types\/page"}],"author":[{"embeddable":true,"href":"https:\/\/espailauma.org\/ca\/wp-json\/wp\/v2\/users\/1"}],"replies":[{"embeddable":true,"href":"https:\/\/espailauma.org\/ca\/wp-json\/wp\/v2\/comments?post=1179"}],"version-history":[{"count":42,"href":"https:\/\/espailauma.org\/ca\/wp-json\/wp\/v2\/pages\/1179\/revisions"}],"predecessor-version":[{"id":7942,"href":"https:\/\/espailauma.org\/ca\/wp-json\/wp\/v2\/pages\/1179\/revisions\/7942"}],"wp:attachment":[{"href":"https:\/\/espailauma.org\/ca\/wp-json\/wp\/v2\/media?parent=1179"}],"curies":[{"name":"wp","href":"https:\/\/api.w.org\/{rel}","templated":true}]}}