{"id":4079,"date":"2021-08-31T21:52:51","date_gmt":"2021-08-31T21:52:51","guid":{"rendered":"https:\/\/espailauma.org\/normativa-cursos"},"modified":"2023-08-19T08:22:08","modified_gmt":"2023-08-19T08:22:08","slug":"normativa-cursos","status":"publish","type":"page","link":"https:\/\/espailauma.org\/ca\/normativa-cursos","title":{"rendered":"NORMATIVA CURSOS"},"content":{"rendered":"\n<p class=\"has-vivid-red-color has-text-color\"><strong>CURSOS INTENSIUS<\/strong>:<\/p>\n\n<p>Una vegada l&#8217;alumne estigui inscrit al curs, <strong>no es far\u00e0n devolucions<\/strong> de cap import abonat. \u00c9s responsabilitat de l&#8217;alumne fer tot el possible per a poder assistir a les classes. Nom\u00e9s en cas que el mateix centre cancel.li el curs, es procedir\u00e0 a la devoluci\u00f3 de l&#8217;import abonat.<\/p>\n\n<p>En cas de no poder assistir a alguna sessi\u00f3, se li haur\u00e0 de comunicar al responsable d&#8217;impartir el curs i veure si hi ha <strong>disponibilitat per a fer una recuperaci\u00f3<\/strong>. Si no hi hagu\u00e9s disponibilitat, es perdrien les hores sense tenir dret a cap devoluci\u00f3.<\/p>\n\n<p class=\"has-vivid-red-color has-text-color\"><strong>TALLER OBERT:<\/strong><\/p>\n\n<p class=\"has-vivid-red-color has-text-color\">Funcionament de bosses d&#8217;hores:<\/p>\n\n<p>Les bosses d&#8217;hores es poden utilitzar dins l&#8217;horari establert pel taller, <strong>amb un m\u00ednim de 2h per sessi\u00f3 i un m\u00e0xim de 4h<\/strong>.<\/p>\n\n<p>L&#8217;alumne ha de reservar les hores que vulgui realitzar utilitzant el sistema de reserva de l&#8217;espai i <strong>no es podr\u00e0n reservar m\u00e9s hores de les comprades<\/strong>.<\/p>\n\n<p>Cada alumne es responsabilitza d&#8217;assistir a classe durant les hores que ha reservat. <strong>La no assist\u00e8ncia sense cancel.laci\u00f3 pr\u00e8via, implica la p\u00e8rdua de les hores sense possibilitat de recuperaci\u00f3<\/strong>.<\/p>\n\n<p>Si al realitzar una reserva hi ha places pendents de validar i s&#8217;omple el grup, <strong>tindr\u00e0 prioritat aquell que hagi fet abans la reserva<\/strong>, quedant la resta en llista d&#8217;espera per si hi hagu\u00e9s alguna cancel.laci\u00f3.<\/p>\n\n<p class=\"has-vivid-red-color has-text-color\">Cancel.laci\u00f3 reserves:<\/p>\n\n<p>Cada alumne pot gestionar les seves reserves i realitzar cancel.lacions a trav\u00e9s del sistema de reserves del taller. <\/p>\n\n<p><strong>Nom\u00e9s s&#8217;acceptar\u00e0n cancel.lacions fins a dos dies abans del dia de la reserva<\/strong>, si es cancel.la m\u00e9s tard d&#8217;aquest pla\u00e7, es perden les hores.<\/p>\n\n<p class=\"has-vivid-red-color has-text-color\">Caducitat hores:<\/p>\n\n<p>Les bosses d&#8217;hores tenen una caducitat que varia segons el n\u00famero d&#8217;hores que es comprin:<\/p>\n\n<p><strong>6h = 1 mes \/ 12h = 2 mesos \/ 24h = 3 mesos desde la data de la seva compra<\/strong><\/p>\n\n<p><strong>Una vegada caducada la bossa, si queda alguna hora pendent, aquesta es perd i no es pot recuperar<\/strong>.<\/p>\n\n<p class=\"has-vivid-red-color has-text-color\">Durabilitat de pla\u00e7a<\/p>\n\n<p>L&#8217;alumne disposa d&#8217;un m\u00e0xim de dues setmanes per a renovar una bossa d&#8217;hores i incorporar-se de nou a les sessions de taller obert. Si no se cumpleix aquest pla\u00e7, <strong>l&#8217;espai es reserva el dret de retirar indefinidament la pla\u00e7a de l&#8217;alumne, donant prioritat a les persones que es trobin en llista d&#8217;espera<\/strong> per a inscriure&#8217;s.<\/p>\n\n<p><strong>Els antics alumnes tindr\u00e0n pref\u00e8rencia a l&#8217;hora d&#8217;inscriure&#8217;s als nostres cursos<\/strong>.<\/p>\n\n<p>Durant el mes d&#8217;agost es fa una neteja general del taller i totes aquelles peces que no s&#8217;hagin vingut a recollir es llencen.<\/p>\n","protected":false},"excerpt":{"rendered":"<p>CURSOS INTENSIUS: Una vegada l&#8217;alumne estigui inscrit al curs, no es far\u00e0n devolucions de cap import abonat. \u00c9s responsabilitat de l&#8217;alumne fer tot el possible per a poder assistir a les classes. Nom\u00e9s en cas que el mateix centre cancel.li el curs, es procedir\u00e0 a la devoluci\u00f3 de l&#8217;import abonat. En cas de no poder [&hellip;]<\/p>\n","protected":false},"author":1,"featured_media":0,"parent":0,"menu_order":0,"comment_status":"closed","ping_status":"closed","template":"","meta":{"footnotes":""},"class_list":["post-4079","page","type-page","status-publish","hentry"],"_links":{"self":[{"href":"https:\/\/espailauma.org\/ca\/wp-json\/wp\/v2\/pages\/4079","targetHints":{"allow":["GET"]}}],"collection":[{"href":"https:\/\/espailauma.org\/ca\/wp-json\/wp\/v2\/pages"}],"about":[{"href":"https:\/\/espailauma.org\/ca\/wp-json\/wp\/v2\/types\/page"}],"author":[{"embeddable":true,"href":"https:\/\/espailauma.org\/ca\/wp-json\/wp\/v2\/users\/1"}],"replies":[{"embeddable":true,"href":"https:\/\/espailauma.org\/ca\/wp-json\/wp\/v2\/comments?post=4079"}],"version-history":[{"count":11,"href":"https:\/\/espailauma.org\/ca\/wp-json\/wp\/v2\/pages\/4079\/revisions"}],"predecessor-version":[{"id":5877,"href":"https:\/\/espailauma.org\/ca\/wp-json\/wp\/v2\/pages\/4079\/revisions\/5877"}],"wp:attachment":[{"href":"https:\/\/espailauma.org\/ca\/wp-json\/wp\/v2\/media?parent=4079"}],"curies":[{"name":"wp","href":"https:\/\/api.w.org\/{rel}","templated":true}]}}