{"id":1423,"date":"2020-04-03T12:09:25","date_gmt":"2020-04-03T12:09:25","guid":{"rendered":"http:\/\/espailauma.org\/politica-de-cookies"},"modified":"2020-04-28T10:06:30","modified_gmt":"2020-04-28T10:06:30","slug":"politica-de-cookies","status":"publish","type":"page","link":"https:\/\/espailauma.org\/en\/politica-de-cookies","title":{"rendered":"Cookies policy"},"content":{"rendered":"\n<p>De conformidad con lo establecido en la Ley 34\/2002 de Servicios de la Sociedad de la Informaci\u00f3n, se pone en conocimiento del Usuario que el sitio web\u00a0<a href=\"http:\/\/www.espailauma.org\">www.espailauma.org<\/a>, propiedad de\u00a0<strong>LAURA MART\u00cdN DE BLAD\u00d3<\/strong>\u00a0(en adelante &#8220;responsable&#8221;) utiliza cookies. Las cookies son peque\u00f1os archivos de texto que el sitio web que el usuario visita almacena en su ordenador o dispositivo.<\/p>\n\n<p><strong>(i) Cookies propias:<\/strong>\u00a0son aqu\u00e9llas que se env\u00edan al equipo terminal del usuario desde un equipo o dominio gestionado por el propio editor y desde el que se presta el servicio solicitado por el usuario.<\/p>\n\n<ul class=\"wp-block-list\"><li><strong>Cookies de sesi\u00f3n:<\/strong>\u00a0Necesarias para el correcto uso de la p\u00e1gina web, la navegaci\u00f3n de forma ininterrumpida recordando opciones de idioma o pa\u00eds. Se utilizan para identificar la misma sesi\u00f3n temporal de un usuario o sesi\u00f3n de navegaci\u00f3n.<\/li><li><strong>Cookies T\u00e9cnicas:<\/strong>\u00a0Almacenan informaci\u00f3n gen\u00e9rica y an\u00f3nima que no incluye datos de car\u00e1cter personal cuyo objetivo es garantizar el funcionamiento de la web.<\/li><li><strong>De registro:<\/strong>\u00a0Se crean con el registro de un usuario (log-in). Se utilizan para identificar al usuario una vez se ha autenticado dentro de los Sitios Web.<\/li><\/ul>\n<ul class=\"wp-block-list\"><li><strong>Cookies de terceros:<\/strong>\u00a0el sitio web puede contener cookies de terceros orientadas a ofrecer un mejor servicio que estos terceros ofrecen. Un ejemplo de este uso son los enlaces a las redes sociales que permiten compartir el contenido del sitio web.<\/li><\/ul>\n<ul class=\"wp-block-list\"><li><strong>Cookies anal\u00edticas:<\/strong>\u00a0son aquellas que, tratadas por Prestador o por terceros, permiten cuantificar el n\u00famero de visitantes y analizar estad\u00edsticamente la utilizaci\u00f3n que hacen los usuarios del portal web. La informaci\u00f3n recogida mediante este tipo de cookies se utiliza en la medici\u00f3n de la actividad del Sitio Web y para la elaboraci\u00f3n de perfiles de navegaci\u00f3n anonimizados de los usuarios, con el fin de introducir mejoras en funci\u00f3n del an\u00e1lisis de los datos de uso que hacen los usuarios del servicio:<\/li><li>Google Analitycs:\u00a0<a href=\"https:\/\/www.google.com\/policies\/privacy\/\">https:\/\/www.google.com\/policies\/privacy\/<\/a><\/li><li>WordPress Stats:\u00a0<a href=\"https:\/\/en.support.wordpress.com\/stats\/\">https:\/\/en.support.wordpress.com\/stats\/<\/a>\u00a0,\u00a0<a href=\"https:\/\/automattic.com\/privacy\/\">https:\/\/automattic.com\/privacy\/<\/a><\/li><li>Ivoox Global Podcasting Service:\u00a0<a href=\"http:\/\/www.ivoox.com\/informacion-legal_il.html\">http:\/\/www.ivoox.com\/informacion-legal_il.html<\/a><\/li><\/ul>\n<ul class=\"wp-block-list\"><li><strong>Cookies publicitarias:<\/strong>\u00a0Son aqu\u00e9llas que permiten la gesti\u00f3n, de la forma m\u00e1s eficaz posible, de los espacios publicitarios que, en su caso, el editor haya incluido en el Sitio Web desde la que presta el servicio solicitado en base a criterios como el contenido editado o la frecuencia en la que se muestran los anuncios:<\/li><li>DoubleClick by Google: Cookies Publicitarias de Google que se usan para el estudio de la audiencia, obteniendo informaci\u00f3n sobre su navegaci\u00f3n, recopilando datos de manera an\u00f3nima que permiten ofrecer publicidad basada en la navegaci\u00f3n realizada:\u00a0<a href=\"https:\/\/support.google.com\/adsense\/answer\/2839090?hl=es\">https:\/\/support.google.com\/adsense\/answer\/2839090?hl=es<\/a><\/li><li>Facebook Custom Audience y P\u00edxel de Facebook: Sirven para dirigir anuncios al usuario sobre los productos o servicios que el usuario ha visitado, comprado y\/o utilizado en una p\u00e1gina espec\u00edfica de la Web. Asimismo, permiten limitar el n\u00famero de veces que se muestra un anuncio, de tal modo que el usuario no vea el mismo anuncio una y otra vez. Tambi\u00e9n se utilizan dichas cookies para medir el rendimiento de las campa\u00f1as publicitarias de negocios que utilizan los servicios de Facebook:\u00a0<a href=\"https:\/\/www.facebook.com\/privacy\/explanation\">https:\/\/www.facebook.com\/privacy\/explanation<\/a><\/li><\/ul>\n<ul class=\"wp-block-list\"><li><strong>Cookies de redes sociales:<\/strong><\/li><li>Gravatar: El Gravatar es una imagen del usuario que le sigue de sitio web a sitio web, apareciendo junto a su nombre cuando realiza acciones como comentar en un blog o cuando el usuario inicia sesi\u00f3n como usuario registrado (log in) en el Sitio Web. Se almacenan cookies para gestionar los iconos relacionados con los perfiles y usuarios de ese servicio:\u00a0<a href=\"https:\/\/automattic.com\/privacy\/\">https:\/\/automattic.com\/privacy\/<\/a><\/li><\/ul>\n<ul class=\"wp-block-list\"><li><strong>Cookies de redes sociales externas:<\/strong>\u00a0se utilizan para que los visitantes puedan interactuar con el contenido de diferentes plataformas sociales (Facebook, YouTube, Twitter, LinkedIn, Instagram, etc.) y que se generan \u00fanicamente para los usuarios de dichas redes sociales. Las condiciones de utilizaci\u00f3n de estas cookies y la informaci\u00f3n recopilada se regulan por la pol\u00edtica de privacidad de la plataforma social correspondiente.<\/li><li><a href=\"https:\/\/www.facebook.com\/help\/cookies\/\">https:\/\/www.facebook.com\/help\/cookies\/<\/a>\u00a0\u00a0<\/li><li><a href=\"https:\/\/www.google.com\/intl\/es_es\/policies\/technologies\/types\/\">https:\/\/www.google.com\/intl\/es_es\/policies\/technologies\/types\/<\/a><\/li><li><a href=\"https:\/\/support.twitter.com\/articles\/20170521-el-uso-que-hace-twitter-de-cookies-y-tecnologias-similares\">https:\/\/support.twitter.com\/articles\/20170521-el-uso-que-hace-twitter-de-cookies-y-tecnologias-similares#<\/a><\/li><li><a href=\"https:\/\/www.instagram.com\/legal\/cookies\/\">https:\/\/www.instagram.com\/legal\/cookies\/<\/a><\/li><li><a href=\"https:\/\/about.pinterest.com\/es\/cookies-pinterest\">https:\/\/about.pinterest.com\/es\/cookies-pinterest<\/a>\u00a0\u00a0\u00a0<\/li><li><a href=\"https:\/\/www.youtube.com\/intl\/es\/yt\/about\/policies\/#community-guidelines\">https:\/\/www.youtube.com\/intl\/es\/yt\/about\/policies\/#community-guidelines<\/a><\/li><\/ul>\n<p>En el caso que el Usuario quiera modificar la configuraci\u00f3n de cookies de su navegador, puede hacerlo mediante la configuraci\u00f3n de las opciones del mismo. El Usuario podr\u00e1 encontrar informaci\u00f3n sobre c\u00f3mo modificar las pol\u00edticas de cookies de los distintos navegadores en los siguientes espacios:<\/p>\n\n<ul class=\"wp-block-list\"><li>Si utiliza Microsoft Internet Explorer:\u00a0<a href=\"https:\/\/support.microsoft.com\/es-es\/help\/17442\/windows-internet-explorer-delete-manage-cookies\">https:\/\/support.microsoft.com\/es-es\/help\/17442\/windows-internet-explorer-delete-manage-cookies<\/a>\u00a0\u00a0\u00a0\u00a0<\/li><li>Si utiliza Firefox:\u00a0<a href=\"http:\/\/support.mozilla.org\/es\/kb\/habilitar-y-deshabilitar-cookies-que-los-sitios-we\">http:\/\/support.mozilla.org\/es\/kb\/habilitar-y-deshabilitar-cookies-que-los-sitios-we<\/a>\u00a0\u00a0<\/li><li>Si utiliza Safari:\u00a0<a href=\"https:\/\/support.apple.com\/kb\/PH19214?viewlocale=es_ES&amp;locale=es_ES\">https:\/\/support.apple.com\/kb\/PH19214?viewlocale=es_ES&amp;locale=es_ES<\/a><\/li><li>Si utiliza Google Chrome:\u00a0<a href=\"http:\/\/support.google.com\/chrome\/bin\/answer.py?hl=es&amp;answer=95647\">http:\/\/support.google.com\/chrome\/bin\/answer.py?hl=es&amp;answer=95647<\/a>\u00a0\u00a0\u00a0<\/li><\/ul>\n<p>Existen herramientas de terceros, disponibles on line, que permiten a los usuarios detectar las cookies en cada sitio web que visita y gestionar su desactivaci\u00f3n. Los navegadores web son las herramientas encargadas de almacenar las cookies y desde este lugar el usuario puede ejercitar su derecho a eliminaci\u00f3n o desactivaci\u00f3n de las mismas. Ni esta web ni sus representantes legales pueden garantizar la correcta o incorrecta manipulaci\u00f3n de las cookies por parte de los mencionados navegadores. Se informa al usuario que si no desea que los sitios web pongan ninguna cookie en su equipo, puede adaptar la configuraci\u00f3n del navegador de modo que se le notifique antes de que se coloque ninguna cookie. De igual modo, puede adaptar la configuraci\u00f3n de forma que el navegador rechace todas las cookies, o \u00fanicamente las cookies de terceros. En caso de que se encuentre con este tipo de cookies en este sitio web y no est\u00e9n enumeradas en la lista anterior, le rogamos que nos lo comunique.<\/p>\n\n<p>La aceptaci\u00f3n de la presente pol\u00edtica de cookies implica que el usuario ha sido informado de una forma clara y completa sobre el uso de dispositivos de almacenamiento y recuperaci\u00f3n de datos (cookies) as\u00ed como que el Prestador dispone del consentimiento del usuario para el uso de las mismas tal y como establece la normativa. En el caso de que tenga alguna duda sobre la pol\u00edtica de cookies del sitio web, el Usuario puede dirigirse a: espailauma@gmail.com<\/p>\n\n<p>En el supuesto de querer conocer con m\u00e1s detalles en qu\u00e9 consisten las cookies, en este link se puede acceder a la gu\u00eda de cookies editada por la Agencia Espa\u00f1ola de Protecci\u00f3n de Datos.:\u00a0<a href=\"http:\/\/www.agpd.es\/portalwebAGPD\/canaldocumentacion\/publicaciones\/common\/Guias\/Guia_Cookies.pdf\">http:\/\/www.agpd.es\/portalwebAGPD\/canaldocumentacion\/publicaciones\/common\/Guias\/Guia_Cookies.pdf<\/a><\/p>\n","protected":false},"excerpt":{"rendered":"<p>De conformidad con lo establecido en la Ley 34\/2002 de Servicios de la Sociedad de la Informaci\u00f3n, se pone en conocimiento del Usuario que el sitio web\u00a0www.espailauma.org, propiedad de\u00a0LAURA MART\u00cdN DE BLAD\u00d3\u00a0(en adelante &#8220;responsable&#8221;) utiliza cookies. Las cookies son peque\u00f1os archivos de texto que el sitio web que el usuario visita almacena en su ordenador [&hellip;]<\/p>\n","protected":false},"author":1,"featured_media":0,"parent":0,"menu_order":0,"comment_status":"closed","ping_status":"closed","template":"","meta":{"footnotes":""},"class_list":["post-1423","page","type-page","status-publish","hentry"],"_links":{"self":[{"href":"https:\/\/espailauma.org\/en\/wp-json\/wp\/v2\/pages\/1423","targetHints":{"allow":["GET"]}}],"collection":[{"href":"https:\/\/espailauma.org\/en\/wp-json\/wp\/v2\/pages"}],"about":[{"href":"https:\/\/espailauma.org\/en\/wp-json\/wp\/v2\/types\/page"}],"author":[{"embeddable":true,"href":"https:\/\/espailauma.org\/en\/wp-json\/wp\/v2\/users\/1"}],"replies":[{"embeddable":true,"href":"https:\/\/espailauma.org\/en\/wp-json\/wp\/v2\/comments?post=1423"}],"version-history":[{"count":2,"href":"https:\/\/espailauma.org\/en\/wp-json\/wp\/v2\/pages\/1423\/revisions"}],"predecessor-version":[{"id":1425,"href":"https:\/\/espailauma.org\/en\/wp-json\/wp\/v2\/pages\/1423\/revisions\/1425"}],"wp:attachment":[{"href":"https:\/\/espailauma.org\/en\/wp-json\/wp\/v2\/media?parent=1423"}],"curies":[{"name":"wp","href":"https:\/\/api.w.org\/{rel}","templated":true}]}}