{"id":1426,"date":"2020-02-23T13:14:11","date_gmt":"2020-02-23T13:14:11","guid":{"rendered":"http:\/\/espailauma.org\/politica-de-privacidad"},"modified":"2023-08-19T11:30:04","modified_gmt":"2023-08-19T11:30:04","slug":"politica-de-privacidad","status":"publish","type":"page","link":"https:\/\/espailauma.org\/en\/politica-de-privacidad","title":{"rendered":"Privacy policy"},"content":{"rendered":"\n<p><em>El\u00a0<strong>responsable<\/strong>\u00a0del tratamiento de los datos de \u00edndole personal conforme al\u00a0<\/em><em>RGPD es:<\/em><\/p>\n\n<p><strong><em>Laura Mart\u00edn de Blad\u00f3<\/em><\/strong><\/p>\n\n<p><em>C\/Parlament, 28, 08015, Barcelona&#13;\n40364451A&#13;\nespailauma@gmail.com<\/em><\/p>\n\n<p><em>El responsable del tratamiento de los datos personales del interesado le informa de que estos datos ser\u00e1n tratados de conformidad con lo dispuesto en las normativas vigentes en protecci\u00f3n de datos personales, el Reglamento (UE) 2016\/679 de 27 de abril de 2016 (RGPD) y la Ley Org\u00e1nica 3\/2018, de 5 de diciembre, de Protecci\u00f3n de Datos Personales y garant\u00eda de los derechos digitales, por lo que se le facilita la siguiente informaci\u00f3n del tratamiento:<\/em><\/p>\n\n<p><em>Los datos que el interesado est\u00e1 facilitando ser\u00e1n incorporados a los sistemas de informaci\u00f3n del taller creativo La\u00fcma con la siguiente finalidad:<\/em><\/p>\n\n<ul class=\"wp-block-list\">\n<li><em>En el caso de solicitud de informaci\u00f3n mediante los formularios del sitio web, para enviar informaci\u00f3n sobre la consulta realizada.<\/em><\/li>\n\n\n\n<li><em>En el caso de suscripci\u00f3n, para remitir boletines (newsletters), as\u00ed como comunicaciones comerciales de promociones y\/o publicidad del Sitio Web.<\/em><\/li>\n<\/ul>\n\n<p><em>El interesado, puede oponerse al env\u00edo de comunicaciones comerciales por cualquier v\u00eda \u00a0y en cualquier momento, remitiendo un correo electr\u00f3nico a la direcci\u00f3n de correo electr\u00f3nico indicada m\u00e1s adelante.<\/em><\/p>\n\n<p><em>Mediante la introducci\u00f3n de los datos, el interesado otorga el consentimiento inequ\u00edvoco al responsable, declarando haber sido informado de las condiciones sobre protecci\u00f3n de datos de car\u00e1cter personal, aceptando y consintiendo el tratamiento automatizado de los mismos, para que proceda al tratamiento de los datos facilitados en pro de las finalidades mencionadas. El no facilitar los datos personales solicitados o el no aceptar la presente pol\u00edtica de protecci\u00f3n de datos supone la imposibilidad de subscribirse, registrarse o recibir informaci\u00f3n de los productos y servicios del responsable.<\/em><\/p>\n\n<p><em>El representante tiene contratados los siguientes proveedores de servicios, que se han comprometido al cumplimiento de las disposiciones normativas de aplicaci\u00f3n en materia de protecci\u00f3n de datos, en el momento de su contrataci\u00f3n:<\/em><\/p>\n\n<ul class=\"wp-block-list\">\n<li><em>1&amp;1 IONOS Espa\u00f1a S.L.U. con domicilio social en Avenida de la Vega, 1 Edificio Veganova 3 Planta 5 Puerta C de Alcobendas, CP 28108, Madrid, <\/em>que proporciona los servicios de alojamiento web (hosting). Pol\u00edtica de privacidad y dem\u00e1s aspectos legales de dicha compa\u00f1\u00eda en el siguiente enlace: <a href=\"https:\/\/www.ionos.es\/terms-gtc\/terms-privacy\/\">https:\/\/www.ionos.es\/terms-gtc\/terms-privacy\/<\/a><\/li>\n\n\n\n<li><em>Mailchimp (The Rocket Science Group LLC d\/b\/a MailChimp) con domicilio en 675 Ponce de Leon Ave NE, Suite 5000 Atlanta, GA 30308 USA, proporciona los servicios para campanyas de marketing. Pol\u00edtica de privacidad y dem\u00e1s aspectos legales de dicha compa\u00f1\u00eda en el siguiente enlace:\u00a0<a href=\"https:\/\/mailchimp.com\/legal\/privacy\/\">https:\/\/mailchimp.com\/legal\/privacy\/<\/a><\/em><\/li>\n\n\n\n<li><em>TMT es una empresa de desarrollo tecnol\u00f3gico titular de TIMP, software con soporte online (SaaS) y aplicaci\u00f3n m\u00f3vil (App). Con dichos desarrollos inform\u00e1ticos, TMT busca facilitar a los Usuarios Profesionales la gesti\u00f3n de reservas, CRM de clientes, generaci\u00f3n de horarios, agendas, calendarios, entre otros. A trav\u00e9s de TIMP, los Usuarios Profesionales pueden gestionar las reservas, pagos y compras de sus Usuarios Finales. Cualquier Usuario que desee utilizar TIMP, debe darse de alta como usuario y generar una contrase\u00f1a conforme a lo establecido en las presentes Condiciones. Pol\u00edtica de privacidad y dem\u00e1s aspectos legales en el siguiente enlace:<\/em> <a href=\"https:\/\/wp-events-plugin.com\/privacy-policy\/\"><em>https:\/\/timp.pro\/terminos-y-condiciones\/<\/em><\/a><\/li>\n<\/ul>\n\n<ul class=\"wp-block-list\">\n<li><em>Google LLC, con domicilio en 1600 Amphitheatre Parkway, 94043, Mountain View (California), Estados Unidos, que presta los servicios de GSuite, consistentes en servicios de computaci\u00f3n en la nube y de correo electr\u00f3nico. Pol\u00edtica de privacidad y dem\u00e1s aspectos legales de dicha compa\u00f1\u00eda en el siguiente enlace:\u00a0<a href=\"https:\/\/www.google.com\/intl\/es\/policies\/privacy\/\">https:\/\/www.google.com\/intl\/es\/policies\/privacy\/<\/a><\/em><\/li>\n<\/ul>\n\n<p><em>Google participa y ha certificado su cumplimiento con el marco del acuerdo entre EE.UU. y la Uni\u00f3n Europea denominado Privacy Shield, habi\u00e9ndose comprometido a someter toda la informaci\u00f3n personal recibida de pa\u00edses miembros de la Uni\u00f3n Europea a los principios derivados del Privacy Shield. Adhesi\u00f3n de Google al Privacy Shield:\u00a0<a href=\"https:\/\/www.privacyshield.gov\/participant?id=a2zt000000001L5AAI&amp;status=Active\">https:\/\/www.privacyshield.gov\/participant?id=a2zt000000001L5AAI&amp;status=Active<\/a><\/em><\/p>\n\n<p><em>M\u00e1s informaci\u00f3n acerca del Privacy Shield en la web del Departamento de Comercio de los EE.UU.:\u00a0<a href=\"https:\/\/www.privacyshield.gov\/welcome\">https:\/\/www.privacyshield.gov\/welcome<\/a><\/em><\/p>\n\n<p><em>El responsable garantiza en todo caso al interesado el ejercicio de los derechos de acceso, rectificaci\u00f3n, cancelaci\u00f3n, informaci\u00f3n y oposici\u00f3n, limitaci\u00f3n y portabilidad, en los t\u00e9rminos dispuestos en la legislaci\u00f3n vigente. Por ello, podr\u00e1 ejercer sus derechos remitiendo una solicitud expresa enviando un correo electr\u00f3nico a espailauma@gmail.com\u00a0indicando en el asunto: Derechos ARCO, y adjuntando fotocopia de su DNI. A su vez, el Usuario, tiene derecho a retirar el consentimiento prestado en cualquier momento. La retirada del consentimiento no afectar\u00e1 a la licitud del tratamiento efectuado antes de la retirada del consentimiento. Tambi\u00e9n tiene derecho a presentar una reclamaci\u00f3n ante la autoridad de control si considera que pueden haberse visto vulnerados sus derechos en relaci\u00f3n a la protecci\u00f3n de sus datos ante la Agencia Espa\u00f1ola de Protecci\u00f3n de Datos (AEPD), en la calle Jorge Juan, 6, 28001-Madrid o a trav\u00e9s de la sede electr\u00f3nica de la AEPD:\u00a0<a href=\"https:\/\/sedeagpd.gob.es\/sede-electronica-web\/\">https:\/\/sedeagpd.gob.es\/sede-electronica-web\/<\/a>.<\/em><\/p>\n\n<p><em>Los datos facilitados por el interesado, se conservar\u00e1n mientras haya un inter\u00e9s mutuo para mantener el fin del tratamiento y durante el plazo por el cu\u00e1l pudieran derivase responsabilidades legales por los servicios prestados. Cuando ya no sea necesario para tal fin, se suprimir\u00e1n con medidas de seguridad adecuadas para garantizar la seudonimizaci\u00f3n de los datos o destrucci\u00f3n total de los mismos. El Prestador se reserva el derecho a modificar la presente pol\u00edtica para adaptarla a novedades legislativas o jurisprudenciales.<\/em><\/p>\n\n<p><em>El interesado, para cualquier aspecto relacionado con esta pol\u00edtica de privacidad, puede ponerse en contacto con el Prestador en la direcci\u00f3n de correo electr\u00f3nico:\u00a0<a href=\"mailto:hola@vanesacarrasquilla.com\">espailauma@gmail.com<\/a><\/em><\/p>\n\n<p><\/p>\n","protected":false},"excerpt":{"rendered":"<p>El\u00a0responsable\u00a0del tratamiento de los datos de \u00edndole personal conforme al\u00a0RGPD es: Laura Mart\u00edn de Blad\u00f3 C\/Parlament, 28, 08015, Barcelona&#13; 40364451A&#13; espailauma@gmail.com El responsable del tratamiento de los datos personales del interesado le informa de que estos datos ser\u00e1n tratados de conformidad con lo dispuesto en las normativas vigentes en protecci\u00f3n de datos personales, el Reglamento [&hellip;]<\/p>\n","protected":false},"author":1,"featured_media":0,"parent":0,"menu_order":0,"comment_status":"closed","ping_status":"closed","template":"","meta":{"footnotes":""},"class_list":["post-1426","page","type-page","status-publish","hentry"],"_links":{"self":[{"href":"https:\/\/espailauma.org\/en\/wp-json\/wp\/v2\/pages\/1426","targetHints":{"allow":["GET"]}}],"collection":[{"href":"https:\/\/espailauma.org\/en\/wp-json\/wp\/v2\/pages"}],"about":[{"href":"https:\/\/espailauma.org\/en\/wp-json\/wp\/v2\/types\/page"}],"author":[{"embeddable":true,"href":"https:\/\/espailauma.org\/en\/wp-json\/wp\/v2\/users\/1"}],"replies":[{"embeddable":true,"href":"https:\/\/espailauma.org\/en\/wp-json\/wp\/v2\/comments?post=1426"}],"version-history":[{"count":4,"href":"https:\/\/espailauma.org\/en\/wp-json\/wp\/v2\/pages\/1426\/revisions"}],"predecessor-version":[{"id":6168,"href":"https:\/\/espailauma.org\/en\/wp-json\/wp\/v2\/pages\/1426\/revisions\/6168"}],"wp:attachment":[{"href":"https:\/\/espailauma.org\/en\/wp-json\/wp\/v2\/media?parent=1426"}],"curies":[{"name":"wp","href":"https:\/\/api.w.org\/{rel}","templated":true}]}}