{"id":1765,"date":"2020-05-06T18:09:30","date_gmt":"2020-05-06T18:09:30","guid":{"rendered":"http:\/\/espailauma.org\/porpuesta-de-talleres-covid19"},"modified":"2021-08-04T13:36:04","modified_gmt":"2021-08-04T13:36:04","slug":"porpuesta-de-talleres-covid19","status":"publish","type":"page","link":"https:\/\/espailauma.org\/en\/porpuesta-de-talleres-covid19","title":{"rendered":"COVID19"},"content":{"rendered":"\n<p>Estamos muy felices de comunicar que empezamos el nuevo curso a partir del d\u00eda 15 de Septiembre!<\/p>\n\n\n\n<p>\u00c9stas son las medidas de seguridad que hemos establecido para trabajar con el m\u00ednimo riesgo:<\/p>\n\n\n\n<ul class=\"wp-block-list\"><li><strong>Es obligatorio el uso de mascarilla dentro del taller en todo momento.<\/strong><\/li><li><strong>Trabajaremos con grupos reducidos de m\u00e1ximo 6 personas y respetaremos la distancia de seguridad.<\/strong><\/li><li><strong>Al llegar, debemos limpiarnos las manos con el gel desinfectante que hay en la entrada del taller.<\/strong><\/li><li><strong>Al terminar la clase, debemos limpiar muy bien el espacio de trabajo, as\u00ed como todas las herramientas comunes que hayamos utilizado. Tambi\u00e9n dejaremos los trapos y bayetas en un cubo con agua y lej\u00eda.<\/strong><\/li><li><strong>Los delantales y herramientas personales no pueden quedarse en el taller, cada alumno deber\u00e1 traerlas de casa.<\/strong><\/li><\/ul>\n\n\n\n<p>Es responsabilidad de todos respetar estas medidas para garantizar un espacio seguro donde poder compartir y gozar del barro.<\/p>\n\n\n\n<p>Aqu\u00ed pod\u00e9is ver los videos con las propuestas de talleres para hacer en casa y en familia que hicimos durante el confinamiento:<\/p>\n\n\n\n<hr class=\"wp-block-separator has-text-color has-background is-style-dots\" style=\"background-color:#ffffff;color:#ffffff\"\/>\n\n\n\n<figure class=\"wp-block-embed is-type-video is-provider-youtube wp-block-embed-youtube wp-embed-aspect-16-9 wp-has-aspect-ratio\"><div class=\"wp-block-embed__wrapper\">\n<iframe title=\"colors ciencia\" width=\"555\" height=\"312\" src=\"https:\/\/www.youtube.com\/embed\/9Tb187KQkRU?feature=oembed\" frameborder=\"0\" allow=\"accelerometer; autoplay; clipboard-write; encrypted-media; gyroscope; picture-in-picture; web-share\" referrerpolicy=\"strict-origin-when-cross-origin\" allowfullscreen><\/iframe>\n<\/div><\/figure>\n\n\n\n<figure class=\"wp-block-embed is-type-video is-provider-youtube wp-block-embed-youtube wp-embed-aspect-16-9 wp-has-aspect-ratio\"><div class=\"wp-block-embed__wrapper\">\n<iframe title=\"CERAMICA A CASA 1\" width=\"555\" height=\"312\" src=\"https:\/\/www.youtube.com\/embed\/Bs9nN-tAbto?feature=oembed\" frameborder=\"0\" allow=\"accelerometer; autoplay; clipboard-write; encrypted-media; gyroscope; picture-in-picture; web-share\" referrerpolicy=\"strict-origin-when-cross-origin\" allowfullscreen><\/iframe>\n<\/div><\/figure>\n\n\n\n<figure class=\"wp-block-embed is-type-video is-provider-youtube wp-block-embed-youtube wp-embed-aspect-16-9 wp-has-aspect-ratio\"><div class=\"wp-block-embed__wrapper\">\n<iframe title=\"MANUALITATS EN FAMILIA 2\" width=\"555\" height=\"312\" src=\"https:\/\/www.youtube.com\/embed\/-eyDes_29s4?feature=oembed\" frameborder=\"0\" allow=\"accelerometer; autoplay; clipboard-write; encrypted-media; gyroscope; picture-in-picture; web-share\" referrerpolicy=\"strict-origin-when-cross-origin\" allowfullscreen><\/iframe>\n<\/div><\/figure>\n\n\n\n<figure class=\"wp-block-embed is-type-video is-provider-youtube wp-block-embed-youtube wp-embed-aspect-16-9 wp-has-aspect-ratio\"><div class=\"wp-block-embed__wrapper\">\n<iframe title=\"MANUALITATS EN FAM\u00cdLIA 1\" width=\"555\" height=\"312\" src=\"https:\/\/www.youtube.com\/embed\/y562X-ZNgZU?feature=oembed\" frameborder=\"0\" allow=\"accelerometer; autoplay; clipboard-write; encrypted-media; gyroscope; picture-in-picture; web-share\" referrerpolicy=\"strict-origin-when-cross-origin\" allowfullscreen><\/iframe>\n<\/div><\/figure>\n","protected":false},"excerpt":{"rendered":"<p>Estamos muy felices de comunicar que empezamos el nuevo curso a partir del d\u00eda 15 de Septiembre! \u00c9stas son las medidas de seguridad que hemos establecido para trabajar con el m\u00ednimo riesgo: Es obligatorio el uso de mascarilla dentro del taller en todo momento. Trabajaremos con grupos reducidos de m\u00e1ximo 6 personas y respetaremos la [&hellip;]<\/p>\n","protected":false},"author":1,"featured_media":0,"parent":0,"menu_order":0,"comment_status":"closed","ping_status":"closed","template":"","meta":{"footnotes":""},"class_list":["post-1765","page","type-page","status-publish","hentry"],"_links":{"self":[{"href":"https:\/\/espailauma.org\/en\/wp-json\/wp\/v2\/pages\/1765","targetHints":{"allow":["GET"]}}],"collection":[{"href":"https:\/\/espailauma.org\/en\/wp-json\/wp\/v2\/pages"}],"about":[{"href":"https:\/\/espailauma.org\/en\/wp-json\/wp\/v2\/types\/page"}],"author":[{"embeddable":true,"href":"https:\/\/espailauma.org\/en\/wp-json\/wp\/v2\/users\/1"}],"replies":[{"embeddable":true,"href":"https:\/\/espailauma.org\/en\/wp-json\/wp\/v2\/comments?post=1765"}],"version-history":[{"count":8,"href":"https:\/\/espailauma.org\/en\/wp-json\/wp\/v2\/pages\/1765\/revisions"}],"predecessor-version":[{"id":3412,"href":"https:\/\/espailauma.org\/en\/wp-json\/wp\/v2\/pages\/1765\/revisions\/3412"}],"wp:attachment":[{"href":"https:\/\/espailauma.org\/en\/wp-json\/wp\/v2\/media?parent=1765"}],"curies":[{"name":"wp","href":"https:\/\/api.w.org\/{rel}","templated":true}]}}